{"id":1737,"date":"2024-08-10T12:23:01","date_gmt":"2024-08-10T10:23:01","guid":{"rendered":"https:\/\/portginestapremium.com\/services\/"},"modified":"2025-11-14T13:25:08","modified_gmt":"2025-11-14T12:25:08","slug":"services","status":"publish","type":"page","link":"https:\/\/portginestapremium.com\/en\/services\/","title":{"rendered":"Services"},"content":{"rendered":"<p>[et_pb_section fb_built=&#8221;1&#8243; module_class=&#8221;header-container&#8221; _builder_version=&#8221;4.27.0&#8243; _module_preset=&#8221;default&#8221; background_image=&#8221;https:\/\/portginestapremium.com\/wp-content\/uploads\/2024\/08\/header-servicios-pgps-1.webp&#8221; custom_padding=&#8221;6em||3em||false|false&#8221; global_colors_info=&#8221;{}&#8221;][et_pb_row _builder_version=&#8221;4.27.0&#8243; _module_preset=&#8221;default&#8221; width=&#8221;90%&#8221; global_colors_info=&#8221;{}&#8221;][et_pb_column type=&#8221;4_4&#8243; _builder_version=&#8221;4.27.0&#8243; _module_preset=&#8221;default&#8221; global_colors_info=&#8221;{}&#8221;][et_pb_text _builder_version=&#8221;4.27.0&#8243; _module_preset=&#8221;default&#8221; header_font=&#8221;|700|||||||&#8221; header_text_align=&#8221;center&#8221; header_text_color=&#8221;#FFFFFF&#8221; header_font_size=&#8221;50px&#8221; custom_margin=&#8221;||1em||false|false&#8221; custom_padding=&#8221;||0px||false|false&#8221; header_font_size_tablet=&#8221;40px&#8221; header_font_size_phone=&#8221;35px&#8221; header_font_size_last_edited=&#8221;on|phone&#8221; global_colors_info=&#8221;{}&#8221;]<\/p>\n<h1>Services <img loading=\"lazy\" decoding=\"async\" class=\"wp-image-163 alignnone size-medium\" src=\"https:\/\/portginestapremium.com\/wp-content\/uploads\/2024\/08\/icono-servicios.svg\" alt=\"icono-servicios\" width=\"300\" height=\"300\" \/><\/h1>\n<p>[\/et_pb_text][et_pb_text _builder_version=&#8221;4.27.0&#8243; _module_preset=&#8221;default&#8221; text_text_color=&#8221;#FFFFFF&#8221; text_orientation=&#8221;center&#8221; width=&#8221;50%&#8221; module_alignment=&#8221;center&#8221; custom_padding=&#8221;3px|||||&#8221; global_colors_info=&#8221;{}&#8221;]<\/p>\n<p>Premium Service provides specialised maintenance, repairs and advanced equipment, ensuring that each yacht operates in optimum condition and offering complete solutions.<\/p>\n<p>[\/et_pb_text][\/et_pb_column][\/et_pb_row][\/et_pb_section][et_pb_section fb_built=&#8221;1&#8243; _builder_version=&#8221;4.27.0&#8243; _module_preset=&#8221;default&#8221; global_colors_info=&#8221;{}&#8221;][et_pb_row _builder_version=&#8221;4.27.0&#8243; _module_preset=&#8221;default&#8221; global_colors_info=&#8221;{}&#8221;][et_pb_column type=&#8221;4_4&#8243; _builder_version=&#8221;4.27.0&#8243; _module_preset=&#8221;default&#8221; global_colors_info=&#8221;{}&#8221;][et_pb_blog post_type=&#8221;servicio&#8221; posts_number=&#8221;15&#8243; excerpt_length=&#8221;500&#8243; show_more=&#8221;on&#8221; show_author=&#8221;off&#8221; show_date=&#8221;off&#8221; show_categories=&#8221;off&#8221; show_pagination=&#8221;off&#8221; module_class=&#8221;servicios-container&#8221; _builder_version=&#8221;4.27.0&#8243; _module_preset=&#8221;default&#8221; header_font=&#8221;|||on|||||&#8221; header_text_align=&#8221;left&#8221; header_text_color=&#8221;gcid-1c783c2a-8e3d-4a6d-8237-f30af86f4b44&#8243; header_font_size=&#8221;25px&#8221; header_line_height=&#8221;1.2em&#8221; body_text_align=&#8221;left&#8221; body_text_color=&#8221;gcid-primary-color&#8221; read_more_font=&#8221;|700||on|||||&#8221; read_more_text_color=&#8221;#000000&#8243; custom_margin=&#8221;||0px||false|false&#8221; custom_padding=&#8221;||||false|true&#8221; custom_padding_last_edited=&#8221;off|desktop&#8221; header_text_align_tablet=&#8221;center&#8221; header_text_align_phone=&#8221;center&#8221; header_text_align_last_edited=&#8221;on|tablet&#8221; body_text_align_tablet=&#8221;center&#8221; body_text_align_phone=&#8221;center&#8221; body_text_align_last_edited=&#8221;on|tablet&#8221; custom_css_title=&#8221;border-bottom: 1px solid #0e2f8c;||padding-bottom: 1em;||margin-bottom: 1em;&#8221; custom_css_read_more=&#8221;padding: 0.5em 2em;||border: 1px solid #b9904c;||border-radius: 30px;||margin-top: 1.5em;||width: fit-content !important;&#8221; global_colors_info=&#8221;{%22gcid-1c783c2a-8e3d-4a6d-8237-f30af86f4b44%22:%91%22header_text_color%22%93,%22gcid-primary-color%22:%91%22body_text_color%22%93}&#8221; custom_css_content_last_edited=&#8221;off|desktop&#8221; custom_css_title_last_edited=&#8221;on|tablet&#8221; custom_css_title_tablet=&#8221;border-bottom: 1px solid #002456;||padding-bottom: 1em;||margin-bottom: 0em;&#8221; custom_css_title_phone=&#8221;border-bottom: 1px solid #002456;||padding-bottom: 1em;||margin-bottom: 0em;&#8221;][\/et_pb_blog][et_pb_code _builder_version=&#8221;4.27.0&#8243; _module_preset=&#8221;default&#8221; hover_enabled=&#8221;0&#8243; global_colors_info=&#8221;{}&#8221; sticky_enabled=&#8221;0&#8243;]<pee><script type=\"application\/ld+json\"><!-- [et_pb_line_break_holder] -->{<!-- [et_pb_line_break_holder] -->  \"@context\": \"https:\/\/schema.org\",<!-- [et_pb_line_break_holder] -->  \"@type\": \"Service\",<!-- [et_pb_line_break_holder] -->  \"serviceType\": \"Servicios para Embarcaciones\",<!-- [et_pb_line_break_holder] -->  \"provider\": {<!-- [et_pb_line_break_holder] -->    \"@type\": \"Organization\",<!-- [et_pb_line_break_holder] -->    \"name\": \"PORT GINESTA S.A\",<!-- [et_pb_line_break_holder] -->    \"url\": \"https:\/\/portginestapremium.com\",<!-- [et_pb_line_break_holder] -->    \"logo\": \"https:\/\/portginestapremium.com\/wp-content\/uploads\/2024\/12\/pspg-logo-azul.svg\",<!-- [et_pb_line_break_holder] -->    \"contactPoint\": {<!-- [et_pb_line_break_holder] -->      \"@type\": \"ContactPoint\",<!-- [et_pb_line_break_holder] -->      \"telephone\": \"+34 660 428 000\",<!-- [et_pb_line_break_holder] -->      \"contactType\": \"Customer Service\",<!-- [et_pb_line_break_holder] -->      \"areaServed\": \"ES\",<!-- [et_pb_line_break_holder] -->      \"availableLanguage\": \"Spanish\"<!-- [et_pb_line_break_holder] -->    }<!-- [et_pb_line_break_holder] -->  },<!-- [et_pb_line_break_holder] -->  \"areaServed\": \"Barcelona, Espa\u00f1a\",<!-- [et_pb_line_break_holder] -->  \"description\": \"Port Ginesta Premium Service ofrece una amplia gama de servicios especializados para embarcaciones, desde la gesti\u00f3n de proyectos y administraci\u00f3n hasta mantenimiento, carpinter\u00eda, mec\u00e1nica, veler\u00eda, hidr\u00e1ulica, y m\u00e1s.\",<!-- [et_pb_line_break_holder] -->  \"offers\": [<!-- [et_pb_line_break_holder] -->    {<!-- [et_pb_line_break_holder] -->      \"@type\": \"Offer\",<!-- [et_pb_line_break_holder] -->      \"url\": \"https:\/\/portginestapremium.com\/servicio\/project-management-administracion\/\",<!-- [et_pb_line_break_holder] -->      \"name\": \"Gesti\u00f3n de Proyectos y Administraci\u00f3n\"<!-- [et_pb_line_break_holder] -->    },<!-- [et_pb_line_break_holder] -->    {<!-- [et_pb_line_break_holder] -->      \"@type\": \"Offer\",<!-- [et_pb_line_break_holder] -->      \"url\": \"https:\/\/portginestapremium.com\/servicio\/mantenimiento\/\",<!-- [et_pb_line_break_holder] -->      \"name\": \"Mantenimiento para Embarcaciones\"<!-- [et_pb_line_break_holder] -->    },<!-- [et_pb_line_break_holder] -->    {<!-- [et_pb_line_break_holder] -->      \"@type\": \"Offer\",<!-- [et_pb_line_break_holder] -->      \"url\": \"https:\/\/portginestapremium.com\/servicio\/tratamiento-de-superficies\/\",<!-- [et_pb_line_break_holder] -->      \"name\": \"Tratamiento de Superficies para Embarcaciones\"<!-- [et_pb_line_break_holder] -->    },<!-- [et_pb_line_break_holder] -->    {<!-- [et_pb_line_break_holder] -->      \"@type\": \"Offer\",<!-- [et_pb_line_break_holder] -->      \"url\": \"https:\/\/portginestapremium.com\/servicio\/mecanica-y-electronica\/\",<!-- [et_pb_line_break_holder] -->      \"name\": \"Mec\u00e1nica y Electr\u00f3nica\"<!-- [et_pb_line_break_holder] -->    },<!-- [et_pb_line_break_holder] -->    {<!-- [et_pb_line_break_holder] -->      \"@type\": \"Offer\",<!-- [et_pb_line_break_holder] -->      \"url\": \"https:\/\/portginestapremium.com\/servicio\/carpinteria\/\",<!-- [et_pb_line_break_holder] -->      \"name\": \"Carpinter\u00eda para Embarcaciones\"<!-- [et_pb_line_break_holder] -->    },<!-- [et_pb_line_break_holder] -->    {<!-- [et_pb_line_break_holder] -->      \"@type\": \"Offer\",<!-- [et_pb_line_break_holder] -->      \"url\": \"https:\/\/portginestapremium.com\/servicio\/trabajos-metal\/\",<!-- [et_pb_line_break_holder] -->      \"name\": \"Servicios de Soldadura, Fabricaci\u00f3n y Reparaciones Especializadas en Estructuras Met\u00e1licas\"<!-- [et_pb_line_break_holder] -->    },<!-- [et_pb_line_break_holder] -->    {<!-- [et_pb_line_break_holder] -->      \"@type\": \"Offer\",<!-- [et_pb_line_break_holder] -->      \"url\": \"https:\/\/portginestapremium.com\/servicio\/hidraulica\/\",<!-- [et_pb_line_break_holder] -->      \"name\": \"Instalaci\u00f3n y Reparaci\u00f3n de Sistemas Hidr\u00e1ulicos\"<!-- [et_pb_line_break_holder] -->    },<!-- [et_pb_line_break_holder] -->    {<!-- [et_pb_line_break_holder] -->      \"@type\": \"Offer\",<!-- [et_pb_line_break_holder] -->      \"url\": \"https:\/\/portginestapremium.com\/servicio\/mastiles\/\",<!-- [et_pb_line_break_holder] -->      \"name\": \"Servicio de Reparaci\u00f3n del Aparejo para Embarcaciones\"<!-- [et_pb_line_break_holder] -->    },<!-- [et_pb_line_break_holder] -->    {<!-- [et_pb_line_break_holder] -->      \"@type\": \"Offer\",<!-- [et_pb_line_break_holder] -->      \"url\": \"https:\/\/portginestapremium.com\/servicio\/veleria-y-tapiceria\/\",<!-- [et_pb_line_break_holder] -->      \"name\": \"Servicio de Veler\u00eda y Tapicer\u00eda para Barcos\"<!-- [et_pb_line_break_holder] -->    },<!-- [et_pb_line_break_holder] -->    {<!-- [et_pb_line_break_holder] -->      \"@type\": \"Offer\",<!-- [et_pb_line_break_holder] -->      \"url\": \"https:\/\/portginestapremium.com\/servicio\/repuestos-y-recambios\/\",<!-- [et_pb_line_break_holder] -->      \"name\": \"Repuestos y Recambios para Embarcaciones\"<!-- [et_pb_line_break_holder] -->    },<!-- [et_pb_line_break_holder] -->    {<!-- [et_pb_line_break_holder] -->      \"@type\": \"Offer\",<!-- [et_pb_line_break_holder] -->      \"url\": \"https:\/\/portginestapremium.com\/servicio\/transporte-de-embarcaciones-y-contenedores\/\",<!-- [et_pb_line_break_holder] -->      \"name\": \"Transporte de Embarcaciones y Contenedores\"<!-- [et_pb_line_break_holder] -->    },<!-- [et_pb_line_break_holder] -->    {<!-- [et_pb_line_break_holder] -->      \"@type\": \"Offer\",<!-- [et_pb_line_break_holder] -->      \"url\": \"https:\/\/portginestapremium.com\/servicio\/logistica-nacional-e-internacional\/\",<!-- [et_pb_line_break_holder] -->      \"name\": \"Log\u00edstica Nacional e Internacional\"<!-- [et_pb_line_break_holder] -->    },<!-- [et_pb_line_break_holder] -->    {<!-- [et_pb_line_break_holder] -->      \"@type\": \"Offer\",<!-- [et_pb_line_break_holder] -->      \"url\": \"https:\/\/portginestapremium.com\/servicio\/gestion-aduanera-y-servicios-financieros\/\",<!-- [et_pb_line_break_holder] -->      \"name\": \"Gesti\u00f3n Aduanera y Servicios Financieros\"<!-- [et_pb_line_break_holder] -->    }<!-- [et_pb_line_break_holder] -->  ]<!-- [et_pb_line_break_holder] -->}<!-- [et_pb_line_break_holder] --><\/script><\/pee><!\u2013- [et_pb_br_holder] -\u2013><!-- [et_pb_line_break_holder] -->[\/et_pb_code][\/et_pb_column][\/et_pb_row][\/et_pb_section]<\/p>\n","protected":false},"excerpt":{"rendered":"<p>Services Premium Service provides specialised maintenance, repairs and advanced equipment, ensuring that each yacht operates in optimum condition and offering complete solutions.<\/p>\n","protected":false},"author":1,"featured_media":0,"parent":0,"menu_order":0,"comment_status":"closed","ping_status":"closed","template":"","meta":{"_acf_changed":false,"_et_pb_use_builder":"on","_et_pb_old_content":"","_et_gb_content_width":"","inline_featured_image":false,"footnotes":""},"class_list":["post-1737","page","type-page","status-publish","hentry"],"acf":[],"yoast_head":"<!-- This site is optimized with the Yoast SEO plugin v27.3 - https:\/\/yoast.com\/product\/yoast-seo-wordpress\/ -->\n<title>Nautical Services in Barcelona | Port Ginesta Premium Service<\/title>\n<meta name=\"description\" content=\"Maintenance, repairs, mechanics, carpentry, hydraulics, and more, offering personalized solutions for quality vessels at Port Ginesta Premium Service.\" \/>\n<meta name=\"robots\" content=\"index, follow, max-snippet:-1, max-image-preview:large, max-video-preview:-1\" \/>\n<link rel=\"canonical\" href=\"https:\/\/portginestapremium.com\/servicios\/\" \/>\n<meta property=\"og:locale\" content=\"en_US\" \/>\n<meta property=\"og:type\" content=\"article\" \/>\n<meta property=\"og:title\" content=\"Nautical Services in Barcelona | Port Ginesta Premium Service\" \/>\n<meta property=\"og:description\" content=\"Maintenance, repairs, mechanics, carpentry, hydraulics, and more, offering personalized solutions for quality vessels at Port Ginesta Premium Service.\" \/>\n<meta property=\"og:url\" content=\"https:\/\/portginestapremium.com\/servicios\/\" \/>\n<meta property=\"og:site_name\" content=\"Port Ginesta Premium Service\" \/>\n<meta property=\"article:modified_time\" content=\"2025-11-14T12:25:08+00:00\" \/>\n<meta property=\"og:image\" content=\"https:\/\/portginestapremium.com\/wp-content\/uploads\/2024\/11\/20240523_Port-Ginesta-Premium_117-1024x683.jpg\" \/>\n\t<meta property=\"og:image:width\" content=\"1024\" \/>\n\t<meta property=\"og:image:height\" content=\"683\" \/>\n\t<meta property=\"og:image:type\" content=\"image\/jpeg\" \/>\n<meta name=\"twitter:card\" content=\"summary_large_image\" \/>\n<meta name=\"twitter:label1\" content=\"Est. reading time\" \/>\n\t<meta name=\"twitter:data1\" content=\"2 minutes\" \/>\n<script type=\"application\/ld+json\" class=\"yoast-schema-graph\">{\"@context\":\"https:\\\/\\\/schema.org\",\"@graph\":[{\"@type\":\"WebPage\",\"@id\":\"https:\\\/\\\/portginestapremium.com\\\/servicios\\\/\",\"url\":\"https:\\\/\\\/portginestapremium.com\\\/servicios\\\/\",\"name\":\"Nautical Services in Barcelona | Port Ginesta Premium Service\",\"isPartOf\":{\"@id\":\"https:\\\/\\\/portginestapremium.com\\\/#website\"},\"primaryImageOfPage\":{\"@id\":\"https:\\\/\\\/portginestapremium.com\\\/servicios\\\/#primaryimage\"},\"image\":{\"@id\":\"https:\\\/\\\/portginestapremium.com\\\/servicios\\\/#primaryimage\"},\"thumbnailUrl\":\"https:\\\/\\\/portginestapremium.com\\\/wp-content\\\/uploads\\\/2024\\\/08\\\/icono-servicios.svg\",\"datePublished\":\"2024-08-10T10:23:01+00:00\",\"dateModified\":\"2025-11-14T12:25:08+00:00\",\"description\":\"Maintenance, repairs, mechanics, carpentry, hydraulics, and more, offering personalized solutions for quality vessels at Port Ginesta Premium Service.\",\"breadcrumb\":{\"@id\":\"https:\\\/\\\/portginestapremium.com\\\/servicios\\\/#breadcrumb\"},\"inLanguage\":\"en-US\",\"potentialAction\":[{\"@type\":\"ReadAction\",\"target\":[\"https:\\\/\\\/portginestapremium.com\\\/servicios\\\/\"]}]},{\"@type\":\"ImageObject\",\"inLanguage\":\"en-US\",\"@id\":\"https:\\\/\\\/portginestapremium.com\\\/servicios\\\/#primaryimage\",\"url\":\"https:\\\/\\\/portginestapremium.com\\\/wp-content\\\/uploads\\\/2024\\\/08\\\/icono-servicios.svg\",\"contentUrl\":\"https:\\\/\\\/portginestapremium.com\\\/wp-content\\\/uploads\\\/2024\\\/08\\\/icono-servicios.svg\"},{\"@type\":\"BreadcrumbList\",\"@id\":\"https:\\\/\\\/portginestapremium.com\\\/servicios\\\/#breadcrumb\",\"itemListElement\":[{\"@type\":\"ListItem\",\"position\":1,\"name\":\"Home\",\"item\":\"https:\\\/\\\/portginestapremium.com\\\/\"},{\"@type\":\"ListItem\",\"position\":2,\"name\":\"Services\"}]},{\"@type\":\"WebSite\",\"@id\":\"https:\\\/\\\/portginestapremium.com\\\/#website\",\"url\":\"https:\\\/\\\/portginestapremium.com\\\/\",\"name\":\"Port Ginesta Premium Service\",\"description\":\"\",\"potentialAction\":[{\"@type\":\"SearchAction\",\"target\":{\"@type\":\"EntryPoint\",\"urlTemplate\":\"https:\\\/\\\/portginestapremium.com\\\/?s={search_term_string}\"},\"query-input\":{\"@type\":\"PropertyValueSpecification\",\"valueRequired\":true,\"valueName\":\"search_term_string\"}}],\"inLanguage\":\"en-US\"}]}<\/script>\n<!-- \/ Yoast SEO plugin. -->","yoast_head_json":{"title":"Nautical Services in Barcelona | Port Ginesta Premium Service","description":"Maintenance, repairs, mechanics, carpentry, hydraulics, and more, offering personalized solutions for quality vessels at Port Ginesta Premium Service.","robots":{"index":"index","follow":"follow","max-snippet":"max-snippet:-1","max-image-preview":"max-image-preview:large","max-video-preview":"max-video-preview:-1"},"canonical":"https:\/\/portginestapremium.com\/servicios\/","og_locale":"en_US","og_type":"article","og_title":"Nautical Services in Barcelona | Port Ginesta Premium Service","og_description":"Maintenance, repairs, mechanics, carpentry, hydraulics, and more, offering personalized solutions for quality vessels at Port Ginesta Premium Service.","og_url":"https:\/\/portginestapremium.com\/servicios\/","og_site_name":"Port Ginesta Premium Service","article_modified_time":"2025-11-14T12:25:08+00:00","og_image":[{"width":1024,"height":683,"url":"https:\/\/portginestapremium.com\/wp-content\/uploads\/2024\/11\/20240523_Port-Ginesta-Premium_117-1024x683.jpg","type":"image\/jpeg"}],"twitter_card":"summary_large_image","twitter_misc":{"Est. reading time":"2 minutes"},"schema":{"@context":"https:\/\/schema.org","@graph":[{"@type":"WebPage","@id":"https:\/\/portginestapremium.com\/servicios\/","url":"https:\/\/portginestapremium.com\/servicios\/","name":"Nautical Services in Barcelona | Port Ginesta Premium Service","isPartOf":{"@id":"https:\/\/portginestapremium.com\/#website"},"primaryImageOfPage":{"@id":"https:\/\/portginestapremium.com\/servicios\/#primaryimage"},"image":{"@id":"https:\/\/portginestapremium.com\/servicios\/#primaryimage"},"thumbnailUrl":"https:\/\/portginestapremium.com\/wp-content\/uploads\/2024\/08\/icono-servicios.svg","datePublished":"2024-08-10T10:23:01+00:00","dateModified":"2025-11-14T12:25:08+00:00","description":"Maintenance, repairs, mechanics, carpentry, hydraulics, and more, offering personalized solutions for quality vessels at Port Ginesta Premium Service.","breadcrumb":{"@id":"https:\/\/portginestapremium.com\/servicios\/#breadcrumb"},"inLanguage":"en-US","potentialAction":[{"@type":"ReadAction","target":["https:\/\/portginestapremium.com\/servicios\/"]}]},{"@type":"ImageObject","inLanguage":"en-US","@id":"https:\/\/portginestapremium.com\/servicios\/#primaryimage","url":"https:\/\/portginestapremium.com\/wp-content\/uploads\/2024\/08\/icono-servicios.svg","contentUrl":"https:\/\/portginestapremium.com\/wp-content\/uploads\/2024\/08\/icono-servicios.svg"},{"@type":"BreadcrumbList","@id":"https:\/\/portginestapremium.com\/servicios\/#breadcrumb","itemListElement":[{"@type":"ListItem","position":1,"name":"Home","item":"https:\/\/portginestapremium.com\/"},{"@type":"ListItem","position":2,"name":"Services"}]},{"@type":"WebSite","@id":"https:\/\/portginestapremium.com\/#website","url":"https:\/\/portginestapremium.com\/","name":"Port Ginesta Premium Service","description":"","potentialAction":[{"@type":"SearchAction","target":{"@type":"EntryPoint","urlTemplate":"https:\/\/portginestapremium.com\/?s={search_term_string}"},"query-input":{"@type":"PropertyValueSpecification","valueRequired":true,"valueName":"search_term_string"}}],"inLanguage":"en-US"}]}},"_links":{"self":[{"href":"https:\/\/portginestapremium.com\/en\/wp-json\/wp\/v2\/pages\/1737","targetHints":{"allow":["GET"]}}],"collection":[{"href":"https:\/\/portginestapremium.com\/en\/wp-json\/wp\/v2\/pages"}],"about":[{"href":"https:\/\/portginestapremium.com\/en\/wp-json\/wp\/v2\/types\/page"}],"author":[{"embeddable":true,"href":"https:\/\/portginestapremium.com\/en\/wp-json\/wp\/v2\/users\/1"}],"replies":[{"embeddable":true,"href":"https:\/\/portginestapremium.com\/en\/wp-json\/wp\/v2\/comments?post=1737"}],"version-history":[{"count":13,"href":"https:\/\/portginestapremium.com\/en\/wp-json\/wp\/v2\/pages\/1737\/revisions"}],"predecessor-version":[{"id":2042,"href":"https:\/\/portginestapremium.com\/en\/wp-json\/wp\/v2\/pages\/1737\/revisions\/2042"}],"wp:attachment":[{"href":"https:\/\/portginestapremium.com\/en\/wp-json\/wp\/v2\/media?parent=1737"}],"curies":[{"name":"wp","href":"https:\/\/api.w.org\/{rel}","templated":true}]}}